{"id":651,"date":"2021-06-05T14:42:29","date_gmt":"2021-06-05T14:42:29","guid":{"rendered":"https:\/\/www.sentinelles.org\/support-us\/place-an-order\/"},"modified":"2021-12-03T11:33:31","modified_gmt":"2021-12-03T11:33:31","slug":"place-an-order","status":"publish","type":"page","link":"https:\/\/www.sentinelles.org\/de\/place-an-order\/","title":{"rendered":"Bestellen"},"content":{"rendered":"\n<p>Herzlichen Dank f\u00fcr Ihre wertvolle Unterst\u00fctzung.<\/p>\n\n\n\n<div style=\"height:50px\" aria-hidden=\"true\" class=\"wp-block-spacer\"><\/div>\n\n\n\n<div class=\"wpcf7 no-js\" id=\"wpcf7-f1632-o1\" lang=\"de-DE\" dir=\"ltr\" data-wpcf7-id=\"1632\">\n<div class=\"screen-reader-response\"><p role=\"status\" aria-live=\"polite\" aria-atomic=\"true\"><\/p> <ul><\/ul><\/div>\n<form action=\"\/de\/wp-json\/wp\/v2\/pages\/651#wpcf7-f1632-o1\" method=\"post\" class=\"wpcf7-form init full-w-section\" aria-label=\"Kontaktformular\" novalidate=\"novalidate\" data-status=\"init\">\n<fieldset class=\"hidden-fields-container\"><input type=\"hidden\" name=\"_wpcf7\" value=\"1632\" \/><input type=\"hidden\" name=\"_wpcf7_version\" value=\"6.1.5\" \/><input type=\"hidden\" name=\"_wpcf7_locale\" value=\"de_DE\" \/><input type=\"hidden\" name=\"_wpcf7_unit_tag\" value=\"wpcf7-f1632-o1\" \/><input type=\"hidden\" name=\"_wpcf7_container_post\" value=\"0\" \/><input type=\"hidden\" name=\"_wpcf7_posted_data_hash\" value=\"\" \/>\n<\/fieldset>\n<div class=\"container\">\n\t<div class=\"row mb-5\">\n\t\t<div class=\"col-md-3\">\n\t\t\t<h4 class=\"mt-0 light text-md-right\">Die Zeitschrift\n\t\t\t<\/h4>\n\t\t<\/div>\n\t\t<div class=\"col-md-9 col-lg-7\">\n\t\t\t<div class=\"content has-bg\">\n\t\t\t\t<p><span class=\"wpcf7-form-control-wrap\" data-name=\"chk-magazine\"><span class=\"wpcf7-form-control wpcf7-checkbox\"><span class=\"wpcf7-list-item first last\"><label><input type=\"checkbox\" name=\"chk-magazine[]\" value=\"Ich w\u00fcnsche, die Zeitschrift Sentinelles zu erhalten (Abonnement CHF 20.-\/Jahr)\" \/><span class=\"wpcf7-list-item-label\">Ich w\u00fcnsche, die Zeitschrift Sentinelles zu erhalten (Abonnement CHF 20.-\/Jahr)<\/span><\/label><\/span><\/span><\/span>\n\t\t\t\t<\/p>\n\t\t\t<\/div>\n\t\t<\/div>\n\t<\/div>\n\t<div class=\"row mb-5\">\n\t\t<div class=\"col-md-3\">\n\t\t\t<h4 class=\"mt-0 light text-md-right\">Die Postkarten\n\t\t\t<\/h4>\n\t\t<\/div>\n\t\t<div class=\"col-md-9 col-lg-7\">\n\t\t\t<div class=\"content has-bg\">\n\t\t\t\t<p><span class=\"wpcf7-form-control-wrap\" data-name=\"chk-postcards\"><span class=\"wpcf7-form-control wpcf7-checkbox\"><span class=\"wpcf7-list-item first last\"><label><input type=\"checkbox\" name=\"chk-postcards[]\" value=\"Ich w\u00fcnsche die Box mit 10 Postkarten im Format 210 x 148 mm f\u00fcr CHF 15.- (+ Versandkosten) erhalten. Wenn Sie mehr als ein Box w\u00fcnschen, geben Sie es bitte in den Kommentaren unten an.\" \/><span class=\"wpcf7-list-item-label\">Ich w\u00fcnsche die Box mit 10 Postkarten im Format 210 x 148 mm f\u00fcr CHF 15.- (+ Versandkosten) erhalten. Wenn Sie mehr als ein Box w\u00fcnschen, geben Sie es bitte in den Kommentaren unten an.<\/span><\/label><\/span><\/span><\/span>\n\t\t\t\t<\/p>\n\t\t\t<\/div>\n\t\t<\/div>\n\t<\/div>\n\t<div class=\"row mb-5\">\n\t\t<div class=\"col-md-3\">\n\t\t\t<h4 class=\"mt-0 light text-md-right\">Meine Angaben\n\t\t\t<\/h4>\n\t\t<\/div>\n\t\t<div class=\"col-md-9 col-lg-7\">\n\t\t\t<div class=\"content has-bg\">\n\t\t\t\t<div class=\"row\">\n\t\t\t\t\t<div class=\"col\">\n\t\t\t\t\t\t<p><span class=\"wpcf7-form-control-wrap\" data-name=\"chk-gender\"><span class=\"wpcf7-form-control wpcf7-checkbox wpcf7-exclusive-checkbox\"><span class=\"wpcf7-list-item first\"><label><input type=\"checkbox\" name=\"chk-gender\" value=\"Frau\" \/><span class=\"wpcf7-list-item-label\">Frau<\/span><\/label><\/span><span class=\"wpcf7-list-item last\"><label><input type=\"checkbox\" name=\"chk-gender\" value=\"Herr\" \/><span class=\"wpcf7-list-item-label\">Herr<\/span><\/label><\/span><\/span><\/span>\n\t\t\t\t\t\t<\/p>\n\t\t\t\t\t<\/div>\n\t\t\t\t<\/div>\n\t\t\t\t<div class=\"row\">\n\t\t\t\t\t<div class=\"col\">\n\t\t\t\t\t\t<p>Vorname\n\t\t\t\t\t\t<\/p>\n\t\t\t\t\t<\/div>\n\t\t\t\t\t<div class=\"col\">\n\t\t\t\t\t\t<p><span class=\"wpcf7-form-control-wrap\" data-name=\"first-name\"><input size=\"40\" maxlength=\"400\" class=\"wpcf7-form-control wpcf7-text wpcf7-validates-as-required\" aria-required=\"true\" aria-invalid=\"false\" value=\"\" type=\"text\" name=\"first-name\" \/><\/span>\n\t\t\t\t\t\t<\/p>\n\t\t\t\t\t<\/div>\n\t\t\t\t<\/div>\n\t\t\t\t<div class=\"row\">\n\t\t\t\t\t<div class=\"col\">\n\t\t\t\t\t\t<p>Nachname\n\t\t\t\t\t\t<\/p>\n\t\t\t\t\t<\/div>\n\t\t\t\t\t<div class=\"col\">\n\t\t\t\t\t\t<p><span class=\"wpcf7-form-control-wrap\" data-name=\"last-name\"><input size=\"40\" maxlength=\"400\" class=\"wpcf7-form-control wpcf7-text wpcf7-validates-as-required\" aria-required=\"true\" aria-invalid=\"false\" value=\"\" type=\"text\" name=\"last-name\" \/><\/span>\n\t\t\t\t\t\t<\/p>\n\t\t\t\t\t<\/div>\n\t\t\t\t<\/div>\n\t\t\t\t<div class=\"row\">\n\t\t\t\t\t<div class=\"col\">\n\t\t\t\t\t\t<p>Addresse\n\t\t\t\t\t\t<\/p>\n\t\t\t\t\t<\/div>\n\t\t\t\t\t<div class=\"col\">\n\t\t\t\t\t\t<p><span class=\"wpcf7-form-control-wrap\" data-name=\"address\"><input size=\"40\" maxlength=\"400\" class=\"wpcf7-form-control wpcf7-text wpcf7-validates-as-required\" aria-required=\"true\" aria-invalid=\"false\" value=\"\" type=\"text\" name=\"address\" \/><\/span>\n\t\t\t\t\t\t<\/p>\n\t\t\t\t\t<\/div>\n\t\t\t\t<\/div>\n\t\t\t\t<div class=\"row\">\n\t\t\t\t\t<div class=\"col\">\n\t\t\t\t\t\t<p>Zus\u00e4tzliche Addresse\n\t\t\t\t\t\t<\/p>\n\t\t\t\t\t<\/div>\n\t\t\t\t\t<div class=\"col\">\n\t\t\t\t\t\t<p><span class=\"wpcf7-form-control-wrap\" data-name=\"address2\"><input size=\"40\" maxlength=\"400\" class=\"wpcf7-form-control wpcf7-text\" aria-invalid=\"false\" value=\"\" type=\"text\" name=\"address2\" \/><\/span>\n\t\t\t\t\t\t<\/p>\n\t\t\t\t\t<\/div>\n\t\t\t\t<\/div>\n\t\t\t\t<div class=\"row\">\n\t\t\t\t\t<div class=\"col\">\n\t\t\t\t\t\t<p>PLZ\n\t\t\t\t\t\t<\/p>\n\t\t\t\t\t<\/div>\n\t\t\t\t\t<div class=\"col\">\n\t\t\t\t\t\t<p><span class=\"wpcf7-form-control-wrap\" data-name=\"zip\"><input size=\"40\" maxlength=\"400\" class=\"wpcf7-form-control wpcf7-text\" aria-invalid=\"false\" value=\"\" type=\"text\" name=\"zip\" \/><\/span>\n\t\t\t\t\t\t<\/p>\n\t\t\t\t\t<\/div>\n\t\t\t\t<\/div>\n\t\t\t\t<div class=\"row\">\n\t\t\t\t\t<div class=\"col\">\n\t\t\t\t\t\t<p>Ort\n\t\t\t\t\t\t<\/p>\n\t\t\t\t\t<\/div>\n\t\t\t\t\t<div class=\"col\">\n\t\t\t\t\t\t<p><span class=\"wpcf7-form-control-wrap\" data-name=\"town\"><input size=\"40\" maxlength=\"400\" class=\"wpcf7-form-control wpcf7-text\" aria-invalid=\"false\" value=\"\" type=\"text\" name=\"town\" \/><\/span>\n\t\t\t\t\t\t<\/p>\n\t\t\t\t\t<\/div>\n\t\t\t\t<\/div>\n\t\t\t\t<div class=\"row\">\n\t\t\t\t\t<div class=\"col\">\n\t\t\t\t\t\t<p>Land\n\t\t\t\t\t\t<\/p>\n\t\t\t\t\t<\/div>\n\t\t\t\t\t<div class=\"col\">\n\t\t\t\t\t\t<p><span class=\"wpcf7-form-control-wrap\" data-name=\"country\"><input size=\"40\" maxlength=\"400\" class=\"wpcf7-form-control wpcf7-text\" aria-invalid=\"false\" value=\"\" type=\"text\" name=\"country\" \/><\/span>\n\t\t\t\t\t\t<\/p>\n\t\t\t\t\t<\/div>\n\t\t\t\t<\/div>\n\t\t\t\t<div class=\"row\">\n\t\t\t\t\t<div class=\"col\">\n\t\t\t\t\t\t<p>E-mail\n\t\t\t\t\t\t<\/p>\n\t\t\t\t\t<\/div>\n\t\t\t\t\t<div class=\"col\">\n\t\t\t\t\t\t<p><span class=\"wpcf7-form-control-wrap\" data-name=\"email\"><input size=\"40\" maxlength=\"400\" class=\"wpcf7-form-control wpcf7-email wpcf7-validates-as-required wpcf7-text wpcf7-validates-as-email\" aria-required=\"true\" aria-invalid=\"false\" value=\"\" type=\"email\" name=\"email\" \/><\/span>\n\t\t\t\t\t\t<\/p>\n\t\t\t\t\t<\/div>\n\t\t\t\t<\/div>\n\t\t\t<\/div>\n\t\t<\/div>\n\t<\/div>\n\t<div class=\"row mb-5\">\n\t\t<div class=\"col-md-3\">\n\t\t\t<h4 class=\"mt-0 light text-md-right\">Kommentare\n\t\t\t<\/h4>\n\t\t<\/div>\n\t\t<div class=\"col-md-9 col-lg-7\">\n\t\t\t<div class=\"content has-bg\">\n\t\t\t\t<p><span class=\"wpcf7-form-control-wrap\" data-name=\"comment\"><textarea cols=\"40\" rows=\"10\" maxlength=\"2000\" class=\"wpcf7-form-control wpcf7-textarea\" aria-invalid=\"false\" name=\"comment\"><\/textarea><\/span>\n\t\t\t\t<\/p>\n\t\t\t<\/div>\n\t\t<\/div>\n\t<\/div>\n\t<div class=\"row mb-5\">\n\t\t<div class=\"col-md-3\">\n\t\t<\/div>\n\t\t<div class=\"col-md-9 col-lg-7\">\n\t\t\t<div class=\"content has-bg\">\n\t\t\t\t<p><input class=\"wpcf7-form-control wpcf7-submit has-spinner\" type=\"submit\" value=\"Bestellung\" \/>\n\t\t\t\t<\/p>\n\t\t\t<\/div>\n\t\t<\/div>\n\t<\/div>\n<div class=\"wpcf7-response-output\" aria-hidden=\"true\"><\/div>\n<\/div>\n<\/form>\n<\/div>\n\n\n\n\n<div style=\"height:100px\" aria-hidden=\"true\" class=\"wp-block-spacer\"><\/div>\n","protected":false},"excerpt":{"rendered":"<p>Herzlichen Dank f\u00fcr Ihre wertvolle Unterst\u00fctzung.<\/p>\n","protected":false},"author":1,"featured_media":0,"parent":0,"menu_order":0,"comment_status":"closed","ping_status":"closed","template":"","meta":{"_acf_changed":false,"footnotes":""},"class_list":["post-651","page","type-page","status-publish","hentry"],"acf":[],"yoast_head":"<!-- This site is optimized with the Yoast SEO plugin v27.5 - https:\/\/yoast.com\/product\/yoast-seo-wordpress\/ -->\n<title>Bestellen - Sentinelles<\/title>\n<meta name=\"robots\" content=\"index, follow, max-snippet:-1, max-image-preview:large, max-video-preview:-1\" \/>\n<link rel=\"canonical\" href=\"https:\/\/www.sentinelles.org\/de\/place-an-order\/\" \/>\n<meta property=\"og:locale\" content=\"de_DE\" \/>\n<meta property=\"og:type\" content=\"article\" \/>\n<meta property=\"og:title\" content=\"Bestellen - Sentinelles\" \/>\n<meta property=\"og:description\" content=\"Herzlichen Dank f\u00fcr Ihre wertvolle Unterst\u00fctzung.\" \/>\n<meta property=\"og:url\" content=\"https:\/\/www.sentinelles.org\/de\/place-an-order\/\" \/>\n<meta property=\"og:site_name\" content=\"Sentinelles\" \/>\n<meta property=\"article:publisher\" content=\"https:\/\/www.facebook.com\/pages\/Sentinelles\/335130356606656\" \/>\n<meta property=\"article:modified_time\" content=\"2021-12-03T11:33:31+00:00\" \/>\n<meta name=\"twitter:card\" content=\"summary_large_image\" \/>\n<script type=\"application\/ld+json\" class=\"yoast-schema-graph\">{\"@context\":\"https:\\\/\\\/schema.org\",\"@graph\":[{\"@type\":\"WebPage\",\"@id\":\"https:\\\/\\\/www.sentinelles.org\\\/de\\\/place-an-order\\\/\",\"url\":\"https:\\\/\\\/www.sentinelles.org\\\/de\\\/place-an-order\\\/\",\"name\":\"Bestellen - Sentinelles\",\"isPartOf\":{\"@id\":\"https:\\\/\\\/www.sentinelles.org\\\/de\\\/#website\"},\"datePublished\":\"2021-06-05T14:42:29+00:00\",\"dateModified\":\"2021-12-03T11:33:31+00:00\",\"breadcrumb\":{\"@id\":\"https:\\\/\\\/www.sentinelles.org\\\/de\\\/place-an-order\\\/#breadcrumb\"},\"inLanguage\":\"de\",\"potentialAction\":[{\"@type\":\"ReadAction\",\"target\":[\"https:\\\/\\\/www.sentinelles.org\\\/de\\\/place-an-order\\\/\"]}]},{\"@type\":\"BreadcrumbList\",\"@id\":\"https:\\\/\\\/www.sentinelles.org\\\/de\\\/place-an-order\\\/#breadcrumb\",\"itemListElement\":[{\"@type\":\"ListItem\",\"position\":1,\"name\":\"Home\",\"item\":\"https:\\\/\\\/www.sentinelles.org\\\/de\\\/\"},{\"@type\":\"ListItem\",\"position\":2,\"name\":\"Bestellen\"}]},{\"@type\":\"WebSite\",\"@id\":\"https:\\\/\\\/www.sentinelles.org\\\/de\\\/#website\",\"url\":\"https:\\\/\\\/www.sentinelles.org\\\/de\\\/\",\"name\":\"Sentinelles\",\"description\":\"\",\"publisher\":{\"@id\":\"https:\\\/\\\/www.sentinelles.org\\\/de\\\/#organization\"},\"potentialAction\":[{\"@type\":\"SearchAction\",\"target\":{\"@type\":\"EntryPoint\",\"urlTemplate\":\"https:\\\/\\\/www.sentinelles.org\\\/de\\\/?s={search_term_string}\"},\"query-input\":{\"@type\":\"PropertyValueSpecification\",\"valueRequired\":true,\"valueName\":\"search_term_string\"}}],\"inLanguage\":\"de\"},{\"@type\":\"Organization\",\"@id\":\"https:\\\/\\\/www.sentinelles.org\\\/de\\\/#organization\",\"name\":\"Sentinelles\",\"url\":\"https:\\\/\\\/www.sentinelles.org\\\/de\\\/\",\"logo\":{\"@type\":\"ImageObject\",\"inLanguage\":\"de\",\"@id\":\"https:\\\/\\\/www.sentinelles.org\\\/de\\\/#\\\/schema\\\/logo\\\/image\\\/\",\"url\":\"https:\\\/\\\/www.sentinelles.org\\\/wp-content\\\/uploads\\\/2021\\\/06\\\/logo-large-en-1.png\",\"contentUrl\":\"https:\\\/\\\/www.sentinelles.org\\\/wp-content\\\/uploads\\\/2021\\\/06\\\/logo-large-en-1.png\",\"width\":461,\"height\":110,\"caption\":\"Sentinelles\"},\"image\":{\"@id\":\"https:\\\/\\\/www.sentinelles.org\\\/de\\\/#\\\/schema\\\/logo\\\/image\\\/\"},\"sameAs\":[\"https:\\\/\\\/www.facebook.com\\\/pages\\\/Sentinelles\\\/335130356606656\",\"https:\\\/\\\/www.linkedin.com\\\/company\\\/fondation-sentinelles\\\/\",\"http:\\\/\\\/instagram.com\\\/fondationsentinelles\"]}]}<\/script>\n<!-- \/ Yoast SEO plugin. -->","yoast_head_json":{"title":"Bestellen - Sentinelles","robots":{"index":"index","follow":"follow","max-snippet":"max-snippet:-1","max-image-preview":"max-image-preview:large","max-video-preview":"max-video-preview:-1"},"canonical":"https:\/\/www.sentinelles.org\/de\/place-an-order\/","og_locale":"de_DE","og_type":"article","og_title":"Bestellen - Sentinelles","og_description":"Herzlichen Dank f\u00fcr Ihre wertvolle Unterst\u00fctzung.","og_url":"https:\/\/www.sentinelles.org\/de\/place-an-order\/","og_site_name":"Sentinelles","article_publisher":"https:\/\/www.facebook.com\/pages\/Sentinelles\/335130356606656","article_modified_time":"2021-12-03T11:33:31+00:00","twitter_card":"summary_large_image","schema":{"@context":"https:\/\/schema.org","@graph":[{"@type":"WebPage","@id":"https:\/\/www.sentinelles.org\/de\/place-an-order\/","url":"https:\/\/www.sentinelles.org\/de\/place-an-order\/","name":"Bestellen - Sentinelles","isPartOf":{"@id":"https:\/\/www.sentinelles.org\/de\/#website"},"datePublished":"2021-06-05T14:42:29+00:00","dateModified":"2021-12-03T11:33:31+00:00","breadcrumb":{"@id":"https:\/\/www.sentinelles.org\/de\/place-an-order\/#breadcrumb"},"inLanguage":"de","potentialAction":[{"@type":"ReadAction","target":["https:\/\/www.sentinelles.org\/de\/place-an-order\/"]}]},{"@type":"BreadcrumbList","@id":"https:\/\/www.sentinelles.org\/de\/place-an-order\/#breadcrumb","itemListElement":[{"@type":"ListItem","position":1,"name":"Home","item":"https:\/\/www.sentinelles.org\/de\/"},{"@type":"ListItem","position":2,"name":"Bestellen"}]},{"@type":"WebSite","@id":"https:\/\/www.sentinelles.org\/de\/#website","url":"https:\/\/www.sentinelles.org\/de\/","name":"Sentinelles","description":"","publisher":{"@id":"https:\/\/www.sentinelles.org\/de\/#organization"},"potentialAction":[{"@type":"SearchAction","target":{"@type":"EntryPoint","urlTemplate":"https:\/\/www.sentinelles.org\/de\/?s={search_term_string}"},"query-input":{"@type":"PropertyValueSpecification","valueRequired":true,"valueName":"search_term_string"}}],"inLanguage":"de"},{"@type":"Organization","@id":"https:\/\/www.sentinelles.org\/de\/#organization","name":"Sentinelles","url":"https:\/\/www.sentinelles.org\/de\/","logo":{"@type":"ImageObject","inLanguage":"de","@id":"https:\/\/www.sentinelles.org\/de\/#\/schema\/logo\/image\/","url":"https:\/\/www.sentinelles.org\/wp-content\/uploads\/2021\/06\/logo-large-en-1.png","contentUrl":"https:\/\/www.sentinelles.org\/wp-content\/uploads\/2021\/06\/logo-large-en-1.png","width":461,"height":110,"caption":"Sentinelles"},"image":{"@id":"https:\/\/www.sentinelles.org\/de\/#\/schema\/logo\/image\/"},"sameAs":["https:\/\/www.facebook.com\/pages\/Sentinelles\/335130356606656","https:\/\/www.linkedin.com\/company\/fondation-sentinelles\/","http:\/\/instagram.com\/fondationsentinelles"]}]}},"_links":{"self":[{"href":"https:\/\/www.sentinelles.org\/de\/wp-json\/wp\/v2\/pages\/651","targetHints":{"allow":["GET"]}}],"collection":[{"href":"https:\/\/www.sentinelles.org\/de\/wp-json\/wp\/v2\/pages"}],"about":[{"href":"https:\/\/www.sentinelles.org\/de\/wp-json\/wp\/v2\/types\/page"}],"author":[{"embeddable":true,"href":"https:\/\/www.sentinelles.org\/de\/wp-json\/wp\/v2\/users\/1"}],"replies":[{"embeddable":true,"href":"https:\/\/www.sentinelles.org\/de\/wp-json\/wp\/v2\/comments?post=651"}],"version-history":[{"count":0,"href":"https:\/\/www.sentinelles.org\/de\/wp-json\/wp\/v2\/pages\/651\/revisions"}],"wp:attachment":[{"href":"https:\/\/www.sentinelles.org\/de\/wp-json\/wp\/v2\/media?parent=651"}],"curies":[{"name":"wp","href":"https:\/\/api.w.org\/{rel}","templated":true}]}}