{"id":614,"date":"2021-06-05T14:38:53","date_gmt":"2021-06-05T14:38:53","guid":{"rendered":"https:\/\/www.sentinelles.org\/legal-notice\/"},"modified":"2021-06-08T14:10:12","modified_gmt":"2021-06-08T14:10:12","slug":"legal-notice","status":"publish","type":"page","link":"https:\/\/www.sentinelles.org\/de\/legal-notice\/","title":{"rendered":"Rechtliche Hinweise"},"content":{"rendered":"\n<h3 class=\"wp-block-heading\">PROTECTION ET S\u00c9CURIT\u00c9 DES DONN\u00c9ES<\/h3>\n\n\n\n<p>Lorsque vous souhaitez soutenir nos actions ou recevoir des informations en nous transmettant dans ce but des donn\u00e9es personnelles au moyen des formulaires en ligne, Sentinelles se conforme \u00e0 la l\u00e9gislation suisse sur la protection des donn\u00e9es. Elles sont trait\u00e9es de mani\u00e8re confidentielle et ne sont pas communiqu\u00e9es, vendues, lou\u00e9es \u00e0 des personnes ou organisations tierces.<\/p>\n\n\n\n<p>Les donn\u00e9es peuvent toutefois se perdre et\/ou tomber aux mains de personnes non autoris\u00e9es. Sentinelles d\u00e9cline toute responsabilit\u00e9 au cas o\u00f9 des contenus priv\u00e9s parviendraient \u00e0 des tiers. La consultation du site de Sentinelles et l\u2019usage de la plate-forme de paiements, ainsi que l\u2019acc\u00e8s \u00e0 d\u2019autres sites mis en lien, s\u2019effectuent sous la responsabilit\u00e9 exclusive du visiteur.<\/p>\n\n\n\n<h3 class=\"wp-block-heading\">S\u00c9CURIT\u00c9 DES PAIEMENTS EN LIGNE<\/h3>\n\n\n\n<p class=\"has-text-align-left\"><img decoding=\"async\" height=\"94\" width=\"210\" class=\"float-right\" src=\"https:\/\/www.sentinelles.org\/uploads\/images\/pages\/datatrans.gif\">En effectuant un don en ligne, vous \u00eates automatiquement transf\u00e9r\u00e9 dans un environnement s\u00e9curis\u00e9. Les donn\u00e9es fournies lors du paiement en ligne sont prot\u00e9g\u00e9es par une connexion Internet s\u00e9curis\u00e9e de type SSL.<\/p>\n\n\n\n<p>Vos donn\u00e9es crypt\u00e9es sont transmises automatiquement et directement aux organismes de cr\u00e9dit qui proc\u00e8dent \u00e0 leur traitement. Ces donn\u00e9es ne sont en aucun cas sauvegard\u00e9es dans notre syst\u00e8me informatique. Les partenaires pour le paiement en ligne ne sont pas autoris\u00e9s \u00e0 divulguer, vendre ou louer vos donn\u00e9es.<\/p>\n\n\n\n<p>Si une erreur est survenue lors du choix du montant de votre don en ligne, n\u2019h\u00e9sitez pas \u00e0 nous contacter (021 646 19 46 \/&nbsp;<a href=\"mailto:admin@sentinelles.org\">admin@sentinelles.org<\/a>). Dans la majorit\u00e9 des cantons, les dons sont d\u00e9ductibles fiscalement en joignant une copie du versement, un extrait du paiement en ligne, ou une attestation de dons de Sentinelles, fondation reconnue d\u2019utilit\u00e9 publique. Eine Spendenbescheinigung wird j\u00e4hrlich versandt und ist auf Anfrage jederzeit erh\u00e4ltlich.<\/p>\n","protected":false},"excerpt":{"rendered":"<p>PROTECTION ET S\u00c9CURIT\u00c9 DES DONN\u00c9ES Lorsque vous souhaitez soutenir nos actions ou recevoir des informations en nous transmettant dans ce &#8230;<\/p>\n","protected":false},"author":1,"featured_media":0,"parent":0,"menu_order":0,"comment_status":"closed","ping_status":"closed","template":"","meta":{"_acf_changed":false,"footnotes":""},"class_list":["post-614","page","type-page","status-publish","hentry"],"acf":[],"yoast_head":"<!-- This site is optimized with the Yoast SEO plugin v27.4 - https:\/\/yoast.com\/product\/yoast-seo-wordpress\/ -->\n<title>Rechtliche Hinweise - Sentinelles<\/title>\n<meta name=\"robots\" content=\"index, follow, max-snippet:-1, max-image-preview:large, max-video-preview:-1\" \/>\n<link rel=\"canonical\" href=\"https:\/\/www.sentinelles.org\/de\/legal-notice\/\" \/>\n<meta property=\"og:locale\" content=\"de_DE\" \/>\n<meta property=\"og:type\" content=\"article\" \/>\n<meta property=\"og:title\" content=\"Rechtliche Hinweise - Sentinelles\" \/>\n<meta property=\"og:description\" content=\"PROTECTION ET S\u00c9CURIT\u00c9 DES DONN\u00c9ES Lorsque vous souhaitez soutenir nos actions ou recevoir des informations en nous transmettant dans ce ...\" \/>\n<meta property=\"og:url\" content=\"https:\/\/www.sentinelles.org\/de\/legal-notice\/\" \/>\n<meta property=\"og:site_name\" content=\"Sentinelles\" \/>\n<meta property=\"article:publisher\" content=\"https:\/\/www.facebook.com\/pages\/Sentinelles\/335130356606656\" \/>\n<meta property=\"article:modified_time\" content=\"2021-06-08T14:10:12+00:00\" \/>\n<meta property=\"og:image\" content=\"https:\/\/www.sentinelles.org\/uploads\/images\/pages\/datatrans.gif\" \/>\n<meta name=\"twitter:card\" content=\"summary_large_image\" \/>\n<meta name=\"twitter:label1\" content=\"Gesch\u00e4tzte Lesezeit\" \/>\n\t<meta name=\"twitter:data1\" content=\"2\u00a0Minuten\" \/>\n<script type=\"application\/ld+json\" class=\"yoast-schema-graph\">{\"@context\":\"https:\\\/\\\/schema.org\",\"@graph\":[{\"@type\":\"WebPage\",\"@id\":\"https:\\\/\\\/www.sentinelles.org\\\/de\\\/legal-notice\\\/\",\"url\":\"https:\\\/\\\/www.sentinelles.org\\\/de\\\/legal-notice\\\/\",\"name\":\"Rechtliche Hinweise - Sentinelles\",\"isPartOf\":{\"@id\":\"https:\\\/\\\/www.sentinelles.org\\\/de\\\/#website\"},\"primaryImageOfPage\":{\"@id\":\"https:\\\/\\\/www.sentinelles.org\\\/de\\\/legal-notice\\\/#primaryimage\"},\"image\":{\"@id\":\"https:\\\/\\\/www.sentinelles.org\\\/de\\\/legal-notice\\\/#primaryimage\"},\"thumbnailUrl\":\"https:\\\/\\\/www.sentinelles.org\\\/uploads\\\/images\\\/pages\\\/datatrans.gif\",\"datePublished\":\"2021-06-05T14:38:53+00:00\",\"dateModified\":\"2021-06-08T14:10:12+00:00\",\"breadcrumb\":{\"@id\":\"https:\\\/\\\/www.sentinelles.org\\\/de\\\/legal-notice\\\/#breadcrumb\"},\"inLanguage\":\"de\",\"potentialAction\":[{\"@type\":\"ReadAction\",\"target\":[\"https:\\\/\\\/www.sentinelles.org\\\/de\\\/legal-notice\\\/\"]}]},{\"@type\":\"ImageObject\",\"inLanguage\":\"de\",\"@id\":\"https:\\\/\\\/www.sentinelles.org\\\/de\\\/legal-notice\\\/#primaryimage\",\"url\":\"https:\\\/\\\/www.sentinelles.org\\\/uploads\\\/images\\\/pages\\\/datatrans.gif\",\"contentUrl\":\"https:\\\/\\\/www.sentinelles.org\\\/uploads\\\/images\\\/pages\\\/datatrans.gif\"},{\"@type\":\"BreadcrumbList\",\"@id\":\"https:\\\/\\\/www.sentinelles.org\\\/de\\\/legal-notice\\\/#breadcrumb\",\"itemListElement\":[{\"@type\":\"ListItem\",\"position\":1,\"name\":\"Home\",\"item\":\"https:\\\/\\\/www.sentinelles.org\\\/de\\\/\"},{\"@type\":\"ListItem\",\"position\":2,\"name\":\"Rechtliche Hinweise\"}]},{\"@type\":\"WebSite\",\"@id\":\"https:\\\/\\\/www.sentinelles.org\\\/de\\\/#website\",\"url\":\"https:\\\/\\\/www.sentinelles.org\\\/de\\\/\",\"name\":\"Sentinelles\",\"description\":\"\",\"publisher\":{\"@id\":\"https:\\\/\\\/www.sentinelles.org\\\/de\\\/#organization\"},\"potentialAction\":[{\"@type\":\"SearchAction\",\"target\":{\"@type\":\"EntryPoint\",\"urlTemplate\":\"https:\\\/\\\/www.sentinelles.org\\\/de\\\/?s={search_term_string}\"},\"query-input\":{\"@type\":\"PropertyValueSpecification\",\"valueRequired\":true,\"valueName\":\"search_term_string\"}}],\"inLanguage\":\"de\"},{\"@type\":\"Organization\",\"@id\":\"https:\\\/\\\/www.sentinelles.org\\\/de\\\/#organization\",\"name\":\"Sentinelles\",\"url\":\"https:\\\/\\\/www.sentinelles.org\\\/de\\\/\",\"logo\":{\"@type\":\"ImageObject\",\"inLanguage\":\"de\",\"@id\":\"https:\\\/\\\/www.sentinelles.org\\\/de\\\/#\\\/schema\\\/logo\\\/image\\\/\",\"url\":\"https:\\\/\\\/www.sentinelles.org\\\/wp-content\\\/uploads\\\/2021\\\/06\\\/logo-large-en-1.png\",\"contentUrl\":\"https:\\\/\\\/www.sentinelles.org\\\/wp-content\\\/uploads\\\/2021\\\/06\\\/logo-large-en-1.png\",\"width\":461,\"height\":110,\"caption\":\"Sentinelles\"},\"image\":{\"@id\":\"https:\\\/\\\/www.sentinelles.org\\\/de\\\/#\\\/schema\\\/logo\\\/image\\\/\"},\"sameAs\":[\"https:\\\/\\\/www.facebook.com\\\/pages\\\/Sentinelles\\\/335130356606656\",\"https:\\\/\\\/www.linkedin.com\\\/company\\\/fondation-sentinelles\\\/\",\"http:\\\/\\\/instagram.com\\\/fondationsentinelles\"]}]}<\/script>\n<!-- \/ Yoast SEO plugin. -->","yoast_head_json":{"title":"Rechtliche Hinweise - Sentinelles","robots":{"index":"index","follow":"follow","max-snippet":"max-snippet:-1","max-image-preview":"max-image-preview:large","max-video-preview":"max-video-preview:-1"},"canonical":"https:\/\/www.sentinelles.org\/de\/legal-notice\/","og_locale":"de_DE","og_type":"article","og_title":"Rechtliche Hinweise - Sentinelles","og_description":"PROTECTION ET S\u00c9CURIT\u00c9 DES DONN\u00c9ES Lorsque vous souhaitez soutenir nos actions ou recevoir des informations en nous transmettant dans ce ...","og_url":"https:\/\/www.sentinelles.org\/de\/legal-notice\/","og_site_name":"Sentinelles","article_publisher":"https:\/\/www.facebook.com\/pages\/Sentinelles\/335130356606656","article_modified_time":"2021-06-08T14:10:12+00:00","og_image":[{"url":"https:\/\/www.sentinelles.org\/uploads\/images\/pages\/datatrans.gif","type":"","width":"","height":""}],"twitter_card":"summary_large_image","twitter_misc":{"Gesch\u00e4tzte Lesezeit":"2\u00a0Minuten"},"schema":{"@context":"https:\/\/schema.org","@graph":[{"@type":"WebPage","@id":"https:\/\/www.sentinelles.org\/de\/legal-notice\/","url":"https:\/\/www.sentinelles.org\/de\/legal-notice\/","name":"Rechtliche Hinweise - Sentinelles","isPartOf":{"@id":"https:\/\/www.sentinelles.org\/de\/#website"},"primaryImageOfPage":{"@id":"https:\/\/www.sentinelles.org\/de\/legal-notice\/#primaryimage"},"image":{"@id":"https:\/\/www.sentinelles.org\/de\/legal-notice\/#primaryimage"},"thumbnailUrl":"https:\/\/www.sentinelles.org\/uploads\/images\/pages\/datatrans.gif","datePublished":"2021-06-05T14:38:53+00:00","dateModified":"2021-06-08T14:10:12+00:00","breadcrumb":{"@id":"https:\/\/www.sentinelles.org\/de\/legal-notice\/#breadcrumb"},"inLanguage":"de","potentialAction":[{"@type":"ReadAction","target":["https:\/\/www.sentinelles.org\/de\/legal-notice\/"]}]},{"@type":"ImageObject","inLanguage":"de","@id":"https:\/\/www.sentinelles.org\/de\/legal-notice\/#primaryimage","url":"https:\/\/www.sentinelles.org\/uploads\/images\/pages\/datatrans.gif","contentUrl":"https:\/\/www.sentinelles.org\/uploads\/images\/pages\/datatrans.gif"},{"@type":"BreadcrumbList","@id":"https:\/\/www.sentinelles.org\/de\/legal-notice\/#breadcrumb","itemListElement":[{"@type":"ListItem","position":1,"name":"Home","item":"https:\/\/www.sentinelles.org\/de\/"},{"@type":"ListItem","position":2,"name":"Rechtliche Hinweise"}]},{"@type":"WebSite","@id":"https:\/\/www.sentinelles.org\/de\/#website","url":"https:\/\/www.sentinelles.org\/de\/","name":"Sentinelles","description":"","publisher":{"@id":"https:\/\/www.sentinelles.org\/de\/#organization"},"potentialAction":[{"@type":"SearchAction","target":{"@type":"EntryPoint","urlTemplate":"https:\/\/www.sentinelles.org\/de\/?s={search_term_string}"},"query-input":{"@type":"PropertyValueSpecification","valueRequired":true,"valueName":"search_term_string"}}],"inLanguage":"de"},{"@type":"Organization","@id":"https:\/\/www.sentinelles.org\/de\/#organization","name":"Sentinelles","url":"https:\/\/www.sentinelles.org\/de\/","logo":{"@type":"ImageObject","inLanguage":"de","@id":"https:\/\/www.sentinelles.org\/de\/#\/schema\/logo\/image\/","url":"https:\/\/www.sentinelles.org\/wp-content\/uploads\/2021\/06\/logo-large-en-1.png","contentUrl":"https:\/\/www.sentinelles.org\/wp-content\/uploads\/2021\/06\/logo-large-en-1.png","width":461,"height":110,"caption":"Sentinelles"},"image":{"@id":"https:\/\/www.sentinelles.org\/de\/#\/schema\/logo\/image\/"},"sameAs":["https:\/\/www.facebook.com\/pages\/Sentinelles\/335130356606656","https:\/\/www.linkedin.com\/company\/fondation-sentinelles\/","http:\/\/instagram.com\/fondationsentinelles"]}]}},"_links":{"self":[{"href":"https:\/\/www.sentinelles.org\/de\/wp-json\/wp\/v2\/pages\/614","targetHints":{"allow":["GET"]}}],"collection":[{"href":"https:\/\/www.sentinelles.org\/de\/wp-json\/wp\/v2\/pages"}],"about":[{"href":"https:\/\/www.sentinelles.org\/de\/wp-json\/wp\/v2\/types\/page"}],"author":[{"embeddable":true,"href":"https:\/\/www.sentinelles.org\/de\/wp-json\/wp\/v2\/users\/1"}],"replies":[{"embeddable":true,"href":"https:\/\/www.sentinelles.org\/de\/wp-json\/wp\/v2\/comments?post=614"}],"version-history":[{"count":0,"href":"https:\/\/www.sentinelles.org\/de\/wp-json\/wp\/v2\/pages\/614\/revisions"}],"wp:attachment":[{"href":"https:\/\/www.sentinelles.org\/de\/wp-json\/wp\/v2\/media?parent=614"}],"curies":[{"name":"wp","href":"https:\/\/api.w.org\/{rel}","templated":true}]}}