{"id":2256,"date":"2021-07-13T07:34:34","date_gmt":"2021-07-13T07:34:34","guid":{"rendered":"https:\/\/www.sentinelles.org\/edmond-kaiser\/"},"modified":"2022-12-06T13:52:21","modified_gmt":"2022-12-06T13:52:21","slug":"edmond-kaiser","status":"publish","type":"page","link":"https:\/\/www.sentinelles.org\/de\/edmond-kaiser\/","title":{"rendered":"Edmond Kaiser"},"content":{"rendered":"\n<p>Edmond Kaiser wurde als B\u00fcroangestellter ausgebildet und absolvierte 1932-1933 einen Sprachaufenthalt in Deutschland. Nach seiner R\u00fcckkehr nach Frankreich wurde er an die Front geschickt (1940). Als Widerstandsk\u00e4mpfer (1943-1945) und w\u00e4hrend der Besatzung wegen Verrats angeklagt, wurde er einen Monat lang inhaftiert, bevor er 1947 freigesprochen wurde.<\/p>\n\n\n\n<p>Der Unfalltod seines zweij\u00e4hrigen Sohnes im Jahr 1941, seine Erfahrung mit Ungerechtigkeit und seine Hingabe f\u00fcr die geschundene Unschuld f\u00fchrten ihn zum Handeln. Er lie\u00df sich 1948 in Lausanne nieder und gr\u00fcndete 1957-58 den Verein der Freunde und sp\u00e4ter der Gef\u00e4hrten von Emmaus in Lausanne. 1960 gr\u00fcndete er Terre des hommes. Im Jahr 1980 gr\u00fcndete er <strong>Sentinelles<\/strong>, eine Stiftung, die sich um Menschen k\u00fcmmern soll, die Opfer einer schweren Notlage sind.<\/p>\n\n\n\n<figure class=\"wp-block-gallery has-nested-images columns-default is-cropped wp-block-gallery-1 is-layout-flex wp-block-gallery-is-layout-flex\">\n<figure class=\"wp-block-image size-large\"><img decoding=\"async\" width=\"200\" height=\"200\" data-id=\"575\" src=\"https:\/\/www.sentinelles.org\/wp-content\/uploads\/2021\/06\/kaiser.jpg\" alt=\"\" class=\"wp-image-575\" srcset=\"https:\/\/www.sentinelles.org\/wp-content\/uploads\/2021\/06\/kaiser.jpg 200w, https:\/\/www.sentinelles.org\/wp-content\/uploads\/2021\/06\/kaiser-150x150.jpg 150w\" sizes=\"(max-width: 200px) 100vw, 200px\" \/><\/figure>\n\n\n\n<figure class=\"wp-block-image size-large\"><img data-dominant-color=\"917b6b\" data-has-transparency=\"false\" style=\"--dominant-color: #917b6b;\" decoding=\"async\" width=\"320\" height=\"226\" data-id=\"2112\" src=\"https:\/\/www.sentinelles.org\/wp-content\/uploads\/2022\/04\/edmond-scooter-sentinelles-bf-835.jpeg\" alt=\"\" class=\"wp-image-2112 not-transparent\" srcset=\"https:\/\/www.sentinelles.org\/wp-content\/uploads\/2022\/04\/edmond-scooter-sentinelles-bf-835.jpeg 320w, https:\/\/www.sentinelles.org\/wp-content\/uploads\/2022\/04\/edmond-scooter-sentinelles-bf-835-300x212.webp 300w\" sizes=\"(max-width: 320px) 100vw, 320px\" \/><\/figure>\n\n\n\n<figure class=\"wp-block-image size-large\"><img data-dominant-color=\"565656\" data-has-transparency=\"false\" style=\"--dominant-color: #565656;\" decoding=\"async\" width=\"320\" height=\"226\" data-id=\"2115\" src=\"https:\/\/www.sentinelles.org\/wp-content\/uploads\/2022\/04\/edmond-sentinelles-lsne-11.jpeg\" alt=\"\" class=\"wp-image-2115 not-transparent\" srcset=\"https:\/\/www.sentinelles.org\/wp-content\/uploads\/2022\/04\/edmond-sentinelles-lsne-11.jpeg 320w, https:\/\/www.sentinelles.org\/wp-content\/uploads\/2022\/04\/edmond-sentinelles-lsne-11-300x212.webp 300w\" sizes=\"(max-width: 320px) 100vw, 320px\" \/><\/figure>\n<\/figure>\n","protected":false},"excerpt":{"rendered":"<p>Edmond Kaiser wurde als B\u00fcroangestellter ausgebildet und absolvierte 1932-1933 einen Sprachaufenthalt in Deutschland. Nach seiner R\u00fcckkehr nach Frankreich wurde er &#8230;<\/p>\n","protected":false},"author":1,"featured_media":0,"parent":0,"menu_order":0,"comment_status":"closed","ping_status":"closed","template":"","meta":{"_acf_changed":false,"footnotes":""},"class_list":["post-2256","page","type-page","status-publish","hentry"],"acf":[],"yoast_head":"<!-- This site is optimized with the Yoast SEO plugin v27.4 - https:\/\/yoast.com\/product\/yoast-seo-wordpress\/ -->\n<title>Edmond Kaiser - Sentinelles<\/title>\n<meta name=\"robots\" content=\"index, follow, max-snippet:-1, max-image-preview:large, max-video-preview:-1\" \/>\n<link rel=\"canonical\" href=\"https:\/\/www.sentinelles.org\/de\/edmond-kaiser\/\" \/>\n<meta property=\"og:locale\" content=\"de_DE\" \/>\n<meta property=\"og:type\" content=\"article\" \/>\n<meta property=\"og:title\" content=\"Edmond Kaiser - Sentinelles\" \/>\n<meta property=\"og:description\" content=\"Edmond Kaiser wurde als B\u00fcroangestellter ausgebildet und absolvierte 1932-1933 einen Sprachaufenthalt in Deutschland. Nach seiner R\u00fcckkehr nach Frankreich wurde er ...\" \/>\n<meta property=\"og:url\" content=\"https:\/\/www.sentinelles.org\/de\/edmond-kaiser\/\" \/>\n<meta property=\"og:site_name\" content=\"Sentinelles\" \/>\n<meta property=\"article:publisher\" content=\"https:\/\/www.facebook.com\/pages\/Sentinelles\/335130356606656\" \/>\n<meta property=\"article:modified_time\" content=\"2022-12-06T13:52:21+00:00\" \/>\n<meta property=\"og:image\" content=\"https:\/\/www.sentinelles.org\/wp-content\/uploads\/2021\/06\/kaiser.jpg\" \/>\n<meta name=\"twitter:card\" content=\"summary_large_image\" \/>\n<meta name=\"twitter:label1\" content=\"Gesch\u00e4tzte Lesezeit\" \/>\n\t<meta name=\"twitter:data1\" content=\"1\u00a0Minute\" \/>\n<script type=\"application\/ld+json\" class=\"yoast-schema-graph\">{\"@context\":\"https:\\\/\\\/schema.org\",\"@graph\":[{\"@type\":\"WebPage\",\"@id\":\"https:\\\/\\\/www.sentinelles.org\\\/de\\\/edmond-kaiser\\\/\",\"url\":\"https:\\\/\\\/www.sentinelles.org\\\/de\\\/edmond-kaiser\\\/\",\"name\":\"Edmond Kaiser - Sentinelles\",\"isPartOf\":{\"@id\":\"https:\\\/\\\/www.sentinelles.org\\\/de\\\/#website\"},\"primaryImageOfPage\":{\"@id\":\"https:\\\/\\\/www.sentinelles.org\\\/de\\\/edmond-kaiser\\\/#primaryimage\"},\"image\":{\"@id\":\"https:\\\/\\\/www.sentinelles.org\\\/de\\\/edmond-kaiser\\\/#primaryimage\"},\"thumbnailUrl\":\"https:\\\/\\\/www.sentinelles.org\\\/wp-content\\\/uploads\\\/2021\\\/06\\\/kaiser.jpg\",\"datePublished\":\"2021-07-13T07:34:34+00:00\",\"dateModified\":\"2022-12-06T13:52:21+00:00\",\"breadcrumb\":{\"@id\":\"https:\\\/\\\/www.sentinelles.org\\\/de\\\/edmond-kaiser\\\/#breadcrumb\"},\"inLanguage\":\"de\",\"potentialAction\":[{\"@type\":\"ReadAction\",\"target\":[\"https:\\\/\\\/www.sentinelles.org\\\/de\\\/edmond-kaiser\\\/\"]}]},{\"@type\":\"ImageObject\",\"inLanguage\":\"de\",\"@id\":\"https:\\\/\\\/www.sentinelles.org\\\/de\\\/edmond-kaiser\\\/#primaryimage\",\"url\":\"https:\\\/\\\/www.sentinelles.org\\\/wp-content\\\/uploads\\\/2021\\\/06\\\/kaiser.jpg\",\"contentUrl\":\"https:\\\/\\\/www.sentinelles.org\\\/wp-content\\\/uploads\\\/2021\\\/06\\\/kaiser.jpg\"},{\"@type\":\"BreadcrumbList\",\"@id\":\"https:\\\/\\\/www.sentinelles.org\\\/de\\\/edmond-kaiser\\\/#breadcrumb\",\"itemListElement\":[{\"@type\":\"ListItem\",\"position\":1,\"name\":\"Home\",\"item\":\"https:\\\/\\\/www.sentinelles.org\\\/de\\\/\"},{\"@type\":\"ListItem\",\"position\":2,\"name\":\"Edmond Kaiser\"}]},{\"@type\":\"WebSite\",\"@id\":\"https:\\\/\\\/www.sentinelles.org\\\/de\\\/#website\",\"url\":\"https:\\\/\\\/www.sentinelles.org\\\/de\\\/\",\"name\":\"Sentinelles\",\"description\":\"\",\"publisher\":{\"@id\":\"https:\\\/\\\/www.sentinelles.org\\\/de\\\/#organization\"},\"potentialAction\":[{\"@type\":\"SearchAction\",\"target\":{\"@type\":\"EntryPoint\",\"urlTemplate\":\"https:\\\/\\\/www.sentinelles.org\\\/de\\\/?s={search_term_string}\"},\"query-input\":{\"@type\":\"PropertyValueSpecification\",\"valueRequired\":true,\"valueName\":\"search_term_string\"}}],\"inLanguage\":\"de\"},{\"@type\":\"Organization\",\"@id\":\"https:\\\/\\\/www.sentinelles.org\\\/de\\\/#organization\",\"name\":\"Sentinelles\",\"url\":\"https:\\\/\\\/www.sentinelles.org\\\/de\\\/\",\"logo\":{\"@type\":\"ImageObject\",\"inLanguage\":\"de\",\"@id\":\"https:\\\/\\\/www.sentinelles.org\\\/de\\\/#\\\/schema\\\/logo\\\/image\\\/\",\"url\":\"https:\\\/\\\/www.sentinelles.org\\\/wp-content\\\/uploads\\\/2021\\\/06\\\/logo-large-en-1.png\",\"contentUrl\":\"https:\\\/\\\/www.sentinelles.org\\\/wp-content\\\/uploads\\\/2021\\\/06\\\/logo-large-en-1.png\",\"width\":461,\"height\":110,\"caption\":\"Sentinelles\"},\"image\":{\"@id\":\"https:\\\/\\\/www.sentinelles.org\\\/de\\\/#\\\/schema\\\/logo\\\/image\\\/\"},\"sameAs\":[\"https:\\\/\\\/www.facebook.com\\\/pages\\\/Sentinelles\\\/335130356606656\",\"https:\\\/\\\/www.linkedin.com\\\/company\\\/fondation-sentinelles\\\/\",\"http:\\\/\\\/instagram.com\\\/fondationsentinelles\"]}]}<\/script>\n<!-- \/ Yoast SEO plugin. -->","yoast_head_json":{"title":"Edmond Kaiser - Sentinelles","robots":{"index":"index","follow":"follow","max-snippet":"max-snippet:-1","max-image-preview":"max-image-preview:large","max-video-preview":"max-video-preview:-1"},"canonical":"https:\/\/www.sentinelles.org\/de\/edmond-kaiser\/","og_locale":"de_DE","og_type":"article","og_title":"Edmond Kaiser - Sentinelles","og_description":"Edmond Kaiser wurde als B\u00fcroangestellter ausgebildet und absolvierte 1932-1933 einen Sprachaufenthalt in Deutschland. Nach seiner R\u00fcckkehr nach Frankreich wurde er ...","og_url":"https:\/\/www.sentinelles.org\/de\/edmond-kaiser\/","og_site_name":"Sentinelles","article_publisher":"https:\/\/www.facebook.com\/pages\/Sentinelles\/335130356606656","article_modified_time":"2022-12-06T13:52:21+00:00","og_image":[{"url":"https:\/\/www.sentinelles.org\/wp-content\/uploads\/2021\/06\/kaiser.jpg","type":"","width":"","height":""}],"twitter_card":"summary_large_image","twitter_misc":{"Gesch\u00e4tzte Lesezeit":"1\u00a0Minute"},"schema":{"@context":"https:\/\/schema.org","@graph":[{"@type":"WebPage","@id":"https:\/\/www.sentinelles.org\/de\/edmond-kaiser\/","url":"https:\/\/www.sentinelles.org\/de\/edmond-kaiser\/","name":"Edmond Kaiser - Sentinelles","isPartOf":{"@id":"https:\/\/www.sentinelles.org\/de\/#website"},"primaryImageOfPage":{"@id":"https:\/\/www.sentinelles.org\/de\/edmond-kaiser\/#primaryimage"},"image":{"@id":"https:\/\/www.sentinelles.org\/de\/edmond-kaiser\/#primaryimage"},"thumbnailUrl":"https:\/\/www.sentinelles.org\/wp-content\/uploads\/2021\/06\/kaiser.jpg","datePublished":"2021-07-13T07:34:34+00:00","dateModified":"2022-12-06T13:52:21+00:00","breadcrumb":{"@id":"https:\/\/www.sentinelles.org\/de\/edmond-kaiser\/#breadcrumb"},"inLanguage":"de","potentialAction":[{"@type":"ReadAction","target":["https:\/\/www.sentinelles.org\/de\/edmond-kaiser\/"]}]},{"@type":"ImageObject","inLanguage":"de","@id":"https:\/\/www.sentinelles.org\/de\/edmond-kaiser\/#primaryimage","url":"https:\/\/www.sentinelles.org\/wp-content\/uploads\/2021\/06\/kaiser.jpg","contentUrl":"https:\/\/www.sentinelles.org\/wp-content\/uploads\/2021\/06\/kaiser.jpg"},{"@type":"BreadcrumbList","@id":"https:\/\/www.sentinelles.org\/de\/edmond-kaiser\/#breadcrumb","itemListElement":[{"@type":"ListItem","position":1,"name":"Home","item":"https:\/\/www.sentinelles.org\/de\/"},{"@type":"ListItem","position":2,"name":"Edmond Kaiser"}]},{"@type":"WebSite","@id":"https:\/\/www.sentinelles.org\/de\/#website","url":"https:\/\/www.sentinelles.org\/de\/","name":"Sentinelles","description":"","publisher":{"@id":"https:\/\/www.sentinelles.org\/de\/#organization"},"potentialAction":[{"@type":"SearchAction","target":{"@type":"EntryPoint","urlTemplate":"https:\/\/www.sentinelles.org\/de\/?s={search_term_string}"},"query-input":{"@type":"PropertyValueSpecification","valueRequired":true,"valueName":"search_term_string"}}],"inLanguage":"de"},{"@type":"Organization","@id":"https:\/\/www.sentinelles.org\/de\/#organization","name":"Sentinelles","url":"https:\/\/www.sentinelles.org\/de\/","logo":{"@type":"ImageObject","inLanguage":"de","@id":"https:\/\/www.sentinelles.org\/de\/#\/schema\/logo\/image\/","url":"https:\/\/www.sentinelles.org\/wp-content\/uploads\/2021\/06\/logo-large-en-1.png","contentUrl":"https:\/\/www.sentinelles.org\/wp-content\/uploads\/2021\/06\/logo-large-en-1.png","width":461,"height":110,"caption":"Sentinelles"},"image":{"@id":"https:\/\/www.sentinelles.org\/de\/#\/schema\/logo\/image\/"},"sameAs":["https:\/\/www.facebook.com\/pages\/Sentinelles\/335130356606656","https:\/\/www.linkedin.com\/company\/fondation-sentinelles\/","http:\/\/instagram.com\/fondationsentinelles"]}]}},"_links":{"self":[{"href":"https:\/\/www.sentinelles.org\/de\/wp-json\/wp\/v2\/pages\/2256","targetHints":{"allow":["GET"]}}],"collection":[{"href":"https:\/\/www.sentinelles.org\/de\/wp-json\/wp\/v2\/pages"}],"about":[{"href":"https:\/\/www.sentinelles.org\/de\/wp-json\/wp\/v2\/types\/page"}],"author":[{"embeddable":true,"href":"https:\/\/www.sentinelles.org\/de\/wp-json\/wp\/v2\/users\/1"}],"replies":[{"embeddable":true,"href":"https:\/\/www.sentinelles.org\/de\/wp-json\/wp\/v2\/comments?post=2256"}],"version-history":[{"count":0,"href":"https:\/\/www.sentinelles.org\/de\/wp-json\/wp\/v2\/pages\/2256\/revisions"}],"wp:attachment":[{"href":"https:\/\/www.sentinelles.org\/de\/wp-json\/wp\/v2\/media?parent=2256"}],"curies":[{"name":"wp","href":"https:\/\/api.w.org\/{rel}","templated":true}]}}