{"id":1148,"date":"2021-06-05T06:17:48","date_gmt":"2021-06-05T06:17:48","guid":{"rendered":"https:\/\/www.sentinelles.org\/home\/"},"modified":"2023-12-06T22:07:45","modified_gmt":"2023-12-06T22:07:45","slug":"home","status":"publish","type":"page","link":"https:\/\/www.sentinelles.org\/de\/","title":{"rendered":"Home"},"content":{"rendered":"\n<h1 class=\"wp-block-heading\">Zur Rettung der verletzten Unschuld<\/h1>\n\n\n\n<p>Die Stiftung wurde 1980 von Edmond Kaiser ohne ideologischen Hintergrund gegr\u00fcndet. Ihre Hauptziele sind die Suche, die Entdeckung und die sofortige Hilfe f\u00fcr zutiefst verletzte menschliche Wesen, Kinder, Frauen und M\u00e4nner, denen wir inmitten ihrer Leiden begegnet sind. Mittel- und langfristige Begleitung. Eine nach der anderen, einer nach dem anderen.<\/p>\n\n\n\n<p>Sentinelles ist in verschiedenen L\u00e4ndern Afrikas, in Kolumbien und der Schweiz mit Aktionsprogammen vertreten, die mit oft vernachl\u00e4ssigten Leiden verkn\u00fcpft sind und dank Spenden der \u00d6ffentlichkeit unterst\u00fctzt werden. Einige&nbsp;<a href=\"https:\/\/www.sentinelles.org\/de\/multimedia\/\" data-type=\"page\" data-id=\"874\">Videos<\/a>&nbsp;zeigen die Arbeit von Sentinelles in diesen L\u00e4ndern.<a title=\"instagram\" rel=\"noopener\" href=\"http:\/\/instagram.com\/fondationsentinelles\/\" target=\"_blank\"><\/a><\/p>\n","protected":false},"excerpt":{"rendered":"<p>Zur Rettung der verletzten Unschuld Die Stiftung wurde 1980 von Edmond Kaiser ohne ideologischen Hintergrund gegr\u00fcndet. Ihre Hauptziele sind die &#8230;<\/p>\n","protected":false},"author":1,"featured_media":0,"parent":0,"menu_order":0,"comment_status":"closed","ping_status":"closed","template":"","meta":{"_acf_changed":false,"footnotes":""},"class_list":["post-1148","page","type-page","status-publish","hentry"],"acf":[],"yoast_head":"<!-- This site is optimized with the Yoast SEO plugin v27.4 - https:\/\/yoast.com\/product\/yoast-seo-wordpress\/ -->\n<title>Home - Sentinelles<\/title>\n<meta name=\"robots\" content=\"index, follow, max-snippet:-1, max-image-preview:large, max-video-preview:-1\" \/>\n<link rel=\"canonical\" href=\"https:\/\/www.sentinelles.org\/de\/\" \/>\n<meta property=\"og:locale\" content=\"de_DE\" \/>\n<meta property=\"og:type\" content=\"article\" \/>\n<meta property=\"og:title\" content=\"Home - Sentinelles\" \/>\n<meta property=\"og:description\" content=\"Zur Rettung der verletzten Unschuld Die Stiftung wurde 1980 von Edmond Kaiser ohne ideologischen Hintergrund gegr\u00fcndet. Ihre Hauptziele sind die ...\" \/>\n<meta property=\"og:url\" content=\"https:\/\/www.sentinelles.org\/de\/\" \/>\n<meta property=\"og:site_name\" content=\"Sentinelles\" \/>\n<meta property=\"article:publisher\" content=\"https:\/\/www.facebook.com\/pages\/Sentinelles\/335130356606656\" \/>\n<meta property=\"article:modified_time\" content=\"2023-12-06T22:07:45+00:00\" \/>\n<meta name=\"twitter:card\" content=\"summary_large_image\" \/>\n<meta name=\"twitter:label1\" content=\"Gesch\u00e4tzte Lesezeit\" \/>\n\t<meta name=\"twitter:data1\" content=\"1\u00a0Minute\" \/>\n<script type=\"application\/ld+json\" class=\"yoast-schema-graph\">{\"@context\":\"https:\\\/\\\/schema.org\",\"@graph\":[{\"@type\":\"WebPage\",\"@id\":\"https:\\\/\\\/www.sentinelles.org\\\/de\\\/\",\"url\":\"https:\\\/\\\/www.sentinelles.org\\\/de\\\/\",\"name\":\"Home - Sentinelles\",\"isPartOf\":{\"@id\":\"https:\\\/\\\/www.sentinelles.org\\\/de\\\/#website\"},\"datePublished\":\"2021-06-05T06:17:48+00:00\",\"dateModified\":\"2023-12-06T22:07:45+00:00\",\"breadcrumb\":{\"@id\":\"https:\\\/\\\/www.sentinelles.org\\\/de\\\/#breadcrumb\"},\"inLanguage\":\"de\",\"potentialAction\":[{\"@type\":\"ReadAction\",\"target\":[\"https:\\\/\\\/www.sentinelles.org\\\/de\\\/\"]}]},{\"@type\":\"BreadcrumbList\",\"@id\":\"https:\\\/\\\/www.sentinelles.org\\\/de\\\/#breadcrumb\",\"itemListElement\":[{\"@type\":\"ListItem\",\"position\":1,\"name\":\"Home\",\"item\":\"https:\\\/\\\/www.sentinelles.org\\\/de\\\/\"},{\"@type\":\"ListItem\",\"position\":2,\"name\":\"Home\"}]},{\"@type\":\"WebSite\",\"@id\":\"https:\\\/\\\/www.sentinelles.org\\\/de\\\/#website\",\"url\":\"https:\\\/\\\/www.sentinelles.org\\\/de\\\/\",\"name\":\"Sentinelles\",\"description\":\"\",\"publisher\":{\"@id\":\"https:\\\/\\\/www.sentinelles.org\\\/de\\\/#organization\"},\"potentialAction\":[{\"@type\":\"SearchAction\",\"target\":{\"@type\":\"EntryPoint\",\"urlTemplate\":\"https:\\\/\\\/www.sentinelles.org\\\/de\\\/?s={search_term_string}\"},\"query-input\":{\"@type\":\"PropertyValueSpecification\",\"valueRequired\":true,\"valueName\":\"search_term_string\"}}],\"inLanguage\":\"de\"},{\"@type\":\"Organization\",\"@id\":\"https:\\\/\\\/www.sentinelles.org\\\/de\\\/#organization\",\"name\":\"Sentinelles\",\"url\":\"https:\\\/\\\/www.sentinelles.org\\\/de\\\/\",\"logo\":{\"@type\":\"ImageObject\",\"inLanguage\":\"de\",\"@id\":\"https:\\\/\\\/www.sentinelles.org\\\/de\\\/#\\\/schema\\\/logo\\\/image\\\/\",\"url\":\"https:\\\/\\\/www.sentinelles.org\\\/wp-content\\\/uploads\\\/2021\\\/06\\\/logo-large-en-1.png\",\"contentUrl\":\"https:\\\/\\\/www.sentinelles.org\\\/wp-content\\\/uploads\\\/2021\\\/06\\\/logo-large-en-1.png\",\"width\":461,\"height\":110,\"caption\":\"Sentinelles\"},\"image\":{\"@id\":\"https:\\\/\\\/www.sentinelles.org\\\/de\\\/#\\\/schema\\\/logo\\\/image\\\/\"},\"sameAs\":[\"https:\\\/\\\/www.facebook.com\\\/pages\\\/Sentinelles\\\/335130356606656\",\"https:\\\/\\\/www.linkedin.com\\\/company\\\/fondation-sentinelles\\\/\",\"http:\\\/\\\/instagram.com\\\/fondationsentinelles\"]}]}<\/script>\n<!-- \/ Yoast SEO plugin. -->","yoast_head_json":{"title":"Home - Sentinelles","robots":{"index":"index","follow":"follow","max-snippet":"max-snippet:-1","max-image-preview":"max-image-preview:large","max-video-preview":"max-video-preview:-1"},"canonical":"https:\/\/www.sentinelles.org\/de\/","og_locale":"de_DE","og_type":"article","og_title":"Home - Sentinelles","og_description":"Zur Rettung der verletzten Unschuld Die Stiftung wurde 1980 von Edmond Kaiser ohne ideologischen Hintergrund gegr\u00fcndet. Ihre Hauptziele sind die ...","og_url":"https:\/\/www.sentinelles.org\/de\/","og_site_name":"Sentinelles","article_publisher":"https:\/\/www.facebook.com\/pages\/Sentinelles\/335130356606656","article_modified_time":"2023-12-06T22:07:45+00:00","twitter_card":"summary_large_image","twitter_misc":{"Gesch\u00e4tzte Lesezeit":"1\u00a0Minute"},"schema":{"@context":"https:\/\/schema.org","@graph":[{"@type":"WebPage","@id":"https:\/\/www.sentinelles.org\/de\/","url":"https:\/\/www.sentinelles.org\/de\/","name":"Home - Sentinelles","isPartOf":{"@id":"https:\/\/www.sentinelles.org\/de\/#website"},"datePublished":"2021-06-05T06:17:48+00:00","dateModified":"2023-12-06T22:07:45+00:00","breadcrumb":{"@id":"https:\/\/www.sentinelles.org\/de\/#breadcrumb"},"inLanguage":"de","potentialAction":[{"@type":"ReadAction","target":["https:\/\/www.sentinelles.org\/de\/"]}]},{"@type":"BreadcrumbList","@id":"https:\/\/www.sentinelles.org\/de\/#breadcrumb","itemListElement":[{"@type":"ListItem","position":1,"name":"Home","item":"https:\/\/www.sentinelles.org\/de\/"},{"@type":"ListItem","position":2,"name":"Home"}]},{"@type":"WebSite","@id":"https:\/\/www.sentinelles.org\/de\/#website","url":"https:\/\/www.sentinelles.org\/de\/","name":"Sentinelles","description":"","publisher":{"@id":"https:\/\/www.sentinelles.org\/de\/#organization"},"potentialAction":[{"@type":"SearchAction","target":{"@type":"EntryPoint","urlTemplate":"https:\/\/www.sentinelles.org\/de\/?s={search_term_string}"},"query-input":{"@type":"PropertyValueSpecification","valueRequired":true,"valueName":"search_term_string"}}],"inLanguage":"de"},{"@type":"Organization","@id":"https:\/\/www.sentinelles.org\/de\/#organization","name":"Sentinelles","url":"https:\/\/www.sentinelles.org\/de\/","logo":{"@type":"ImageObject","inLanguage":"de","@id":"https:\/\/www.sentinelles.org\/de\/#\/schema\/logo\/image\/","url":"https:\/\/www.sentinelles.org\/wp-content\/uploads\/2021\/06\/logo-large-en-1.png","contentUrl":"https:\/\/www.sentinelles.org\/wp-content\/uploads\/2021\/06\/logo-large-en-1.png","width":461,"height":110,"caption":"Sentinelles"},"image":{"@id":"https:\/\/www.sentinelles.org\/de\/#\/schema\/logo\/image\/"},"sameAs":["https:\/\/www.facebook.com\/pages\/Sentinelles\/335130356606656","https:\/\/www.linkedin.com\/company\/fondation-sentinelles\/","http:\/\/instagram.com\/fondationsentinelles"]}]}},"_links":{"self":[{"href":"https:\/\/www.sentinelles.org\/de\/wp-json\/wp\/v2\/pages\/1148","targetHints":{"allow":["GET"]}}],"collection":[{"href":"https:\/\/www.sentinelles.org\/de\/wp-json\/wp\/v2\/pages"}],"about":[{"href":"https:\/\/www.sentinelles.org\/de\/wp-json\/wp\/v2\/types\/page"}],"author":[{"embeddable":true,"href":"https:\/\/www.sentinelles.org\/de\/wp-json\/wp\/v2\/users\/1"}],"replies":[{"embeddable":true,"href":"https:\/\/www.sentinelles.org\/de\/wp-json\/wp\/v2\/comments?post=1148"}],"version-history":[{"count":2,"href":"https:\/\/www.sentinelles.org\/de\/wp-json\/wp\/v2\/pages\/1148\/revisions"}],"predecessor-version":[{"id":3870,"href":"https:\/\/www.sentinelles.org\/de\/wp-json\/wp\/v2\/pages\/1148\/revisions\/3870"}],"wp:attachment":[{"href":"https:\/\/www.sentinelles.org\/de\/wp-json\/wp\/v2\/media?parent=1148"}],"curies":[{"name":"wp","href":"https:\/\/api.w.org\/{rel}","templated":true}]}}